{"id":39,"date":"2023-06-27T13:21:10","date_gmt":"2023-06-27T11:21:10","guid":{"rendered":"https:\/\/lernraum.blinkwerk.de\/?page_id=39"},"modified":"2025-10-06T17:37:30","modified_gmt":"2025-10-06T15:37:30","slug":"rechenfoerderung","status":"publish","type":"page","link":"https:\/\/lernraum-dreieich.de\/wp\/rechenfoerderung\/","title":{"rendered":"Rechenschw\u00e4che \/Dyskalkulie"},"content":{"rendered":"\n<h2 class=\"wp-block-heading\"><\/h2>\n\n\n\n<p>Bereits vor der Schule entwickeln Kinder ein grundlegendes Verst\u00e4ndnis von Zahlen und Mengen. Diese Kenntnisse werden in den ersten Schuljahren weiter ausgebaut, w\u00e4hrend Kinder die Grundrechenarten erlernen, Zusammenh\u00e4nge erkennen und mathematische Logik verstehen.<\/p>\n\n\n\n<p>Dyskalkulie kann diesen Prozess erheblich erschweren. Kindern mit Dyskalkulie fehlt h\u00e4ufig die bildliche Vorstellung von Zahlen als Menge. Dar\u00fcber hinaus k\u00f6nnen sie mit Begriffen wie \u201emehr\u201c, \u201eweniger\u201c, \u201eplus\u201c, \u201eminus\u201c, \u201egeteilt\u201c nur wenig anfangen. Sie haben keine innere, bildliche Vorstellung dieser Begriffe. Die Folgen sind Unverst\u00e4ndnis,&nbsp; Verwirrung, Hilflosigkeit und Verzweiflung. <\/p>\n\n\n\n<p>Oft wird versucht z\u00e4hlend zu rechnen und nicht bemerkt, wenn die Ergebnisse in der falschen Gr\u00f6\u00dfenordnung liegen. \u00dcblicher Nachhilfeunterricht oder h\u00e4usliches \u00dcben f\u00fchren oftmals  gar nicht oder kaum zu Verbesserungen.<\/p>\n\n\n\n<p>Was macht eine Dyskalkulietherapie aus?<\/p>\n\n\n\n<p>Der Zugang zum mathematischen Denken erfolgt \u00fcber konkrete Handlungen und die teils spielerische Entwicklung entsprechender Rechenstrategien. Hinzugezogen wird entsprechendes kleinschrittiges F\u00f6rdermaterial. So wird Ihrem Kind erm\u00f6glicht, die Struktur und Systematik der Mathematik zu begreifen und das wesentliche Handwerkszeug zu erlangen, um die Lernschritte beim Rechnen zu verinnerlichen und \u00c4ngste abzubauen.<\/p>\n\n\n\n<p>Jeder noch so kleine Fortschritt ist ein Erfolg!<\/p>\n\n\n\n<p>Wenn Sie mehr erfahren m\u00f6chten , freuen wir uns \u00fcber <a href=\"https:\/\/lernraum-dreieich.de\/wp\/kontakt\/\" data-type=\"page\" data-id=\"54\">Kontaktaufnahme<\/a>.<\/p>\n\n\n\n<p><\/p>\n","protected":false},"excerpt":{"rendered":"<p>Bereits vor der Schule entwickeln Kinder ein grundlegendes Verst\u00e4ndnis von Zahlen und Mengen. Diese Kenntnisse werden in den ersten Schuljahren weiter ausgebaut, w\u00e4hrend [&hellip;]<\/p>\n","protected":false},"author":1,"featured_media":540,"parent":0,"menu_order":0,"comment_status":"closed","ping_status":"closed","template":"","meta":{"footnotes":""},"class_list":["post-39","page","type-page","status-publish","has-post-thumbnail","hentry"],"_links":{"self":[{"href":"https:\/\/lernraum-dreieich.de\/wp\/wp-json\/wp\/v2\/pages\/39","targetHints":{"allow":["GET"]}}],"collection":[{"href":"https:\/\/lernraum-dreieich.de\/wp\/wp-json\/wp\/v2\/pages"}],"about":[{"href":"https:\/\/lernraum-dreieich.de\/wp\/wp-json\/wp\/v2\/types\/page"}],"author":[{"embeddable":true,"href":"https:\/\/lernraum-dreieich.de\/wp\/wp-json\/wp\/v2\/users\/1"}],"replies":[{"embeddable":true,"href":"https:\/\/lernraum-dreieich.de\/wp\/wp-json\/wp\/v2\/comments?post=39"}],"version-history":[{"count":10,"href":"https:\/\/lernraum-dreieich.de\/wp\/wp-json\/wp\/v2\/pages\/39\/revisions"}],"predecessor-version":[{"id":652,"href":"https:\/\/lernraum-dreieich.de\/wp\/wp-json\/wp\/v2\/pages\/39\/revisions\/652"}],"wp:featuredmedia":[{"embeddable":true,"href":"https:\/\/lernraum-dreieich.de\/wp\/wp-json\/wp\/v2\/media\/540"}],"wp:attachment":[{"href":"https:\/\/lernraum-dreieich.de\/wp\/wp-json\/wp\/v2\/media?parent=39"}],"curies":[{"name":"wp","href":"https:\/\/api.w.org\/{rel}","templated":true}]}}